{"id":1162,"date":"2016-05-12T14:34:04","date_gmt":"2016-05-12T14:34:04","guid":{"rendered":"http:\/\/sample-data.arrowtheme.com\/foodfarm\/?page_id=1162"},"modified":"2026-02-10T14:53:23","modified_gmt":"2026-02-10T12:53:23","slug":"construction","status":"publish","type":"page","link":"https:\/\/tumaygroup.com\/?page_id=1162","title":{"rendered":"ASC Announcements"},"content":{"rendered":"<section class=\"wpb-content-wrapper\"><p>[vc_row css=&#8221;.vc_custom_1694952707526{margin-top: 122px !important;margin-left: 4px !important;}&#8221;][vc_column]<div class=\"ult-spacer spacer-69f38e4bf3780\" data-id=\"69f38e4bf3780\" data-height=\"15\" data-height-mobile=\"15\" data-height-tab=\"15\" data-height-tab-portrait=\"\" data-height-mobile-landscape=\"\" style=\"clear:both;display:block;\"><\/div>[vc_custom_heading text=&#8221;ASC Announcement&#8221; font_container=&#8221;tag:h3|font_size:25px|text_align:left|color:%233a3a3a&#8221; use_theme_fonts=&#8221;yes&#8221; css=&#8221;.vc_custom_1679042335837{margin-top: -4px !important;margin-bottom: 26px !important;}&#8221;]<div class=\"ult-spacer spacer-69f38e4bf37a6\" data-id=\"69f38e4bf37a6\" data-height=\"15\" data-height-mobile=\"15\" data-height-tab=\"15\" data-height-tab-portrait=\"\" data-height-mobile-landscape=\"\" style=\"clear:both;display:block;\"><\/div>[vc_column_text]ASC DUYURUSU<br \/>\nT\u00fcmay ve grup \u015firketlerimize ait \u00e7iftlik projemiz olan \u0130zmir \u00c7ipura Deniz Bal\u0131klar\u0131<br \/>\nYeti\u015ftiricili\u011fi Projemizde 2025 y\u0131l\u0131nda \u00c7ipura ve Levrek t\u00fcrlerinde herhangi bir hastal\u0131k salg\u0131n\u0131<br \/>\nya\u015fanmam\u0131\u015f, kritik tehlike alt\u0131ndaki hayvanlara veya memelilere zarar verilmemi\u015ftir. Toplu bal\u0131k \u00f6l\u00fcm\u00fc<br \/>\nveya bal\u0131k ka\u00e7\u0131\u015f\u0131 g\u00f6r\u00fclmemi\u015ftir. A\u00e7\u0131klanamayan farklar\u0131m\u0131z ((+) %0,62 ) say\u0131m teknolojilerinden<br \/>\nkaynaklanmaktad\u0131r. Say\u0131m teknolojileri do\u011fruluk oran\u0131 %99,38 olarak hesaplanm\u0131\u015ft\u0131r.<br \/>\nASC standard\u0131n\u0131n uyguland\u0131\u011f\u0131 projemizde, tehlike alt\u0131ndaki hayvanlara ve\/veya memelilere<br \/>\nzarar verilmesi durumunda olas\u0131 bal\u0131k ka\u00e7\u0131\u015flar\u0131 ve ka\u00e7\u0131\u015f miktar\u0131 hakk\u0131nda yerel makamlar ve ASC<br \/>\nkomitesi bilgilendirilecektir. Bilgiler www.tumaygroup.com adresinde yay\u0131nlanacakt\u0131r.<br \/>\n\u0130zmir \u00c7ipura Deniz Bal\u0131klar\u0131 Yeti\u015ftiricili\u011fi Projesi&amp;#39;nin 08\/06\/2026 &#8211; 09.06.2026 tarihleri<br \/>\naras\u0131nda ASC Farm denetlemesi NSF (ASC Sertifikasyon) \u015firketi taraf\u0131ndan ger\u00e7ekle\u015ftirilecektir.<br \/>\nKat\u0131l\u0131mda bulunmak isteyenler bizimle veya NSF ile ileti\u015fime ge\u00e7ebilir.<br \/>\nKdm Tar\u0131m ve Hayvansal \u00dcr\u00fcnler Sanayi ve Ticaret A.\u015e. ile ileti\u015fim i\u00e7in<br \/>\nKalite M\u00fcd\u00fcr\u00fc- Elvan Ko\u015far<br \/>\ne mail : elvan@tumaygroup.com<br \/>\nNSF ile ileti\u015fim i\u00e7in<br \/>\ne mail : Aoife Rice &amp;lt;ARice@nsf.org&amp;gt;<br \/>\n\u00c7iftlikler i\u00e7in ASC denetim raporlar\u0131 ASC\u2019nin sitesinde (https:\/\/asc-aqua.org\/find-a-farm\/)<br \/>\nherkesin eri\u015fimine a\u00e7\u0131kt\u0131r.<\/p>\n<p>ASC ANNOUNCEMENT<br \/>\nIn our \u0130zmir \u00c7ipura Deniz Bal\u0131klar\u0131 Yeti\u015ftiricili\u011fi Projesi, which is a farm project belonging to<br \/>\nT\u00fcmay and our group companies, no disease outbreaks occurred in Sea Bream or Sea Bass species<br \/>\nin 2025, and no harm was caused to endangered animals or mammals. No mass fish mortality or fish<br \/>\nescapes were observed. Our unexplained variance ((+) %0,62 %) is attributable to counting<br \/>\ntechnologies. The accuracy rate of the counting technologies has been calculated as 99,38 %.<br \/>\nIn our project, where the ASC standard is implemented, in the event of any harm to<br \/>\nendangered animals and\/or mammals, local authorities and the ASC committee will be informed about<br \/>\nany possible fish escapes and the quantity of escaped fish. The information will be published at<br \/>\nwww.tumaygroup.com.<br \/>\nThe ASC Farm audit of the \u0130zmir \u00c7ipura Deniz Bal\u0131klar\u0131 Yeti\u015ftiricili\u011fi Projesi will be<br \/>\nconducted by NSF (ASC Certification) between 08\/06\/2026 and 09\/06\/2026. Those who wish to<br \/>\nparticipate may contact us or NSF.<br \/>\nFor contact with Kdm Tar\u0131m ve Hayvansal \u00dcr\u00fcnler Sanayi ve Ticaret A.\u015e.:<br \/>\nQuality Manager \u2013 Elvan Ko\u015far<br \/>\nE-mail: elvan@tumaygroup.com<br \/>\nFor contact with NSF:<br \/>\nE-mail: Aoife Rice ARice@nsf.org<br \/>\nASC audit reports for farms are publicly available on the ASC website:<\/p>\n<p><a href=\"https:\/\/asc-aqua.org\/find-a-farm\/\">(https:\/\/asc-aqua.org\/find-a-farm\/).<\/a>[\/vc_column_text][vc_single_image image=&#8221;1821&#8243; img_size=&#8221;full&#8221; add_caption=&#8221;yes&#8221; alignment=&#8221;center&#8221;]<div class=\"ult-spacer spacer-69f38e4bf37ba\" data-id=\"69f38e4bf37ba\" data-height=\"15\" data-height-mobile=\"15\" data-height-tab=\"15\" data-height-tab-portrait=\"\" data-height-mobile-landscape=\"\" style=\"clear:both;display:block;\"><\/div>[vc_column_text el_class=&#8221;dif-margin&#8221; css=&#8221;.vc_custom_1770625004845{margin-top: 24px !important;}&#8221;][\/vc_column_text]<div class=\"ult-spacer spacer-69f38e4bf37cb\" data-id=\"69f38e4bf37cb\" data-height=\"15\" data-height-mobile=\"15\" data-height-tab=\"15\" data-height-tab-portrait=\"\" data-height-mobile-landscape=\"\" style=\"clear:both;display:block;\"><\/div>[vc_custom_heading text=&#8221;EIA Report&#8221; font_container=&#8221;tag:h2|font_size:25px|text_align:left|color:%233a3a3a&#8221; use_theme_fonts=&#8221;yes&#8221; css=&#8221;.vc_custom_1679041686667{margin-top: 43px !important;margin-bottom: 27px !important;}&#8221;]<div class=\"ult-spacer spacer-69f38e4bf37db\" data-id=\"69f38e4bf37db\" data-height=\"15\" data-height-mobile=\"15\" data-height-tab=\"15\" data-height-tab-portrait=\"\" data-height-mobile-landscape=\"\" style=\"clear:both;display:block;\"><\/div>[vc_wp_custommenu nav_menu=&#8221;61&#8243;]<div class=\"ult-spacer spacer-69f38e4bf37ec\" data-id=\"69f38e4bf37ec\" data-height=\"15\" data-height-mobile=\"15\" data-height-tab=\"15\" data-height-tab-portrait=\"\" data-height-mobile-landscape=\"\" style=\"clear:both;display:block;\"><\/div>[vc_raw_html]JTVCbW9kdWxhJTIwaWQlM0QlMjIxODI1JTIyJTVE[\/vc_raw_html]<div class=\"ult-spacer spacer-69f38e4bf37fb\" data-id=\"69f38e4bf37fb\" data-height=\"15\" data-height-mobile=\"15\" data-height-tab=\"15\" data-height-tab-portrait=\"\" data-height-mobile-landscape=\"\" style=\"clear:both;display:block;\"><\/div>[\/vc_column][vc_column][\/vc_column][\/vc_row]<\/p>\n<\/section>","protected":false},"excerpt":{"rendered":"<p>[vc_row css=&#8221;.vc_custom_1694952707526{margin-top: 122px !important;margin-left: 4px !important;}&#8221;][vc_column][vc_custom_heading text=&#8221;ASC Announcement&#8221; font_container=&#8221;tag:h3|font_size:25px|text_align:left|color:%233a3a3a&#8221; use_theme_fonts=&#8221;yes&#8221; css=&#8221;.vc_custom_1679042335837{margin-top: -4px !important;margin-bottom: 26px !important;}&#8221;][vc_column_text]ASC DUYURUSU T\u00fcmay ve grup \u015firketlerimize ait \u00e7iftlik projemiz olan \u0130zmir \u00c7ipura Deniz Bal\u0131klar\u0131 Yeti\u015ftiricili\u011fi Projemizde 2025 y\u0131l\u0131nda \u00c7ipura ve Levrek t\u00fcrlerinde herhangi bir hastal\u0131k salg\u0131n\u0131 ya\u015fanmam\u0131\u015f, kritik tehlike alt\u0131ndaki hayvanlara veya memelilere zarar verilmemi\u015ftir. Toplu [&hellip;]<\/p>\n","protected":false},"author":1,"featured_media":0,"parent":0,"menu_order":0,"comment_status":"closed","ping_status":"closed","template":"","meta":{"footnotes":""},"class_list":["post-1162","page","type-page","status-publish","hentry"],"aioseo_notices":[],"_links":{"self":[{"href":"https:\/\/tumaygroup.com\/index.php?rest_route=\/wp\/v2\/pages\/1162","targetHints":{"allow":["GET"]}}],"collection":[{"href":"https:\/\/tumaygroup.com\/index.php?rest_route=\/wp\/v2\/pages"}],"about":[{"href":"https:\/\/tumaygroup.com\/index.php?rest_route=\/wp\/v2\/types\/page"}],"author":[{"embeddable":true,"href":"https:\/\/tumaygroup.com\/index.php?rest_route=\/wp\/v2\/users\/1"}],"replies":[{"embeddable":true,"href":"https:\/\/tumaygroup.com\/index.php?rest_route=%2Fwp%2Fv2%2Fcomments&post=1162"}],"version-history":[{"count":25,"href":"https:\/\/tumaygroup.com\/index.php?rest_route=\/wp\/v2\/pages\/1162\/revisions"}],"predecessor-version":[{"id":2203,"href":"https:\/\/tumaygroup.com\/index.php?rest_route=\/wp\/v2\/pages\/1162\/revisions\/2203"}],"wp:attachment":[{"href":"https:\/\/tumaygroup.com\/index.php?rest_route=%2Fwp%2Fv2%2Fmedia&parent=1162"}],"curies":[{"name":"wp","href":"https:\/\/api.w.org\/{rel}","templated":true}]}}